{"id":3149,"date":"2017-06-19T14:06:15","date_gmt":"2017-06-19T12:06:15","guid":{"rendered":"https:\/\/geoservice-schaffert.de\/jobs\/"},"modified":"2026-04-03T18:40:58","modified_gmt":"2026-04-03T16:40:58","slug":"jobs","status":"publish","type":"page","link":"https:\/\/geoservice-schaffert.de\/en\/jobs\/","title":{"rendered":"Jobs"},"content":{"rendered":"\t\t<div data-elementor-type=\"wp-page\" data-elementor-id=\"3149\" class=\"elementor elementor-3149 elementor-442\" data-elementor-post-type=\"page\">\n\t\t\t\t<div class=\"elementor-element elementor-element-446919b e-flex e-con-boxed e-con e-parent\" data-id=\"446919b\" data-element_type=\"container\" data-e-type=\"container\">\n\t\t\t\t\t<div class=\"e-con-inner\">\n\t\t<div class=\"elementor-element elementor-element-9b5dd21 e-con-full e-flex e-con e-child\" data-id=\"9b5dd21\" data-element_type=\"container\" data-e-type=\"container\">\n\t\t\t\t<div class=\"elementor-element elementor-element-a45cf2f elementor-widget elementor-widget-heading\" data-id=\"a45cf2f\" data-element_type=\"widget\" data-e-type=\"widget\" data-widget_type=\"heading.default\">\n\t\t\t\t<div class=\"elementor-widget-container\">\n\t\t\t\t\t<h1 class=\"elementor-heading-title elementor-size-default\">Jobs<\/h1>\t\t\t\t<\/div>\n\t\t\t\t<\/div>\n\t\t\t\t<div class=\"elementor-element elementor-element-f2b7f99 elementor-widget elementor-widget-text-editor\" data-id=\"f2b7f99\" data-element_type=\"widget\" data-e-type=\"widget\" data-widget_type=\"text-editor.default\">\n\t\t\t\t<div class=\"elementor-widget-container\">\n\t\t\t\t\t\t\t\t\t<p><strong>We are looking to expand our team!<\/strong><\/p><p>GeoService Schaffert has been established in the market for 20 years and is continuously growing. Since 2024, we have been operating with our own division for drone surveys. Due to a consistently high order volume, we would like to expand our team in various positions. With us, you will meet motivated colleagues and diverse areas of responsibility.   <\/p><p>Our office building is easily accessible via the highway and federal road 215. In addition, we offer targeted training opportunities and individual employee benefits for every employee. We are looking for motivated and committed employees who wish to contribute their own ideas.   We look forward to receiving your application!<\/p><p>Please send a short CV and a cover letter to <a href=\"mailto:bewerbung@geoservice-schaffert.de\">bewerbung@geoservice-schaffert.de<\/a>. For any questions, please contact us at the email address provided!<\/p>\t\t\t\t\t\t\t\t<\/div>\n\t\t\t\t<\/div>\n\t\t\t\t<div class=\"elementor-element elementor-element-54bb060 elementor-widget elementor-widget-shortcode\" data-id=\"54bb060\" data-element_type=\"widget\" data-e-type=\"widget\" data-widget_type=\"shortcode.default\">\n\t\t\t\t<div class=\"elementor-widget-container\">\n\t\t\t\t\t\t\t<div class=\"elementor-shortcode\"><section class=\"job-listing row clearfix\" aria-label=\"Job listings\"><div class=\"column medium-12 col-md-12\" role=\"list\"><article class=\"job-preview clearfix\" role=\"article\" aria-labelledby=\"job-title-3788\"><div class=\"job-content\"><h5><a href=\"https:\/\/geoservice-schaffert.de\/en\/job\/bohrgeraetefuehrer-fuer-geotechnische-leistungen-m-w-d\/\" id=\"job-title-3788\" target=\"_self\"><span>Bohrger\u00e4tef\u00fchrer (m\/w\/d) in der Geotechnik<\/span><\/a><\/h5><div class=\"job-additional-information\" aria-label=\"Additional job information\"><span>Verden (Aller)<\/span><span class=\"job-preview-details-separator\">, <span><span>Full-time, Part-time<\/span><div class=\"job_custom_message\">Bohrger\u00e4terf\u00fchrer<\/div><\/div><\/div><div class=\"job-cta\"><a href=\"https:\/\/geoservice-schaffert.de\/en\/job\/bohrgeraetefuehrer-fuer-geotechnische-leistungen-m-w-d\/\" target=\"_self\" class=\"apply-btn local\" aria-label=\"View job: Bohrger\u00e4tef\u00fchrer (m\/w\/d) in der Geotechnik\">View<\/a><\/div><\/article><article class=\"job-preview clearfix\" role=\"article\" aria-labelledby=\"job-title-3464\"><div class=\"job-content\"><h5><a href=\"https:\/\/geoservice-schaffert.de\/en\/job\/project-manager-for-geotechnical-services\/\" id=\"job-title-3464\" target=\"_self\"><span>Project manager for geotechnical services<\/span><\/a><\/h5><div class=\"job-additional-information\" aria-label=\"Additional job information\"><span>Verden (Aller)<\/span><span class=\"job-preview-details-separator\">, <span><span>Full-time, Part-time<\/span><\/div><\/div><div class=\"job-cta\"><a href=\"https:\/\/geoservice-schaffert.de\/en\/job\/project-manager-for-geotechnical-services\/\" target=\"_self\" class=\"apply-btn local\" aria-label=\"View job: Project manager for geotechnical services\">View<\/a><\/div><\/article><article class=\"job-preview clearfix\" role=\"article\" aria-labelledby=\"job-title-3455\"><div class=\"job-content\"><h5><a href=\"https:\/\/geoservice-schaffert.de\/en\/job\/praktika\/\" id=\"job-title-3455\" target=\"_self\"><span>Internships<\/span><\/a><\/h5><div class=\"job-additional-information\" aria-label=\"Additional job information\"><span>Verden (Aller)<\/span><span class=\"job-preview-details-separator\">, <span><span>In Absprache<\/span><div class=\"job_custom_message\">We regularly offer internships for geology\/geoscience students.<\/div><\/div><\/div><div class=\"job-cta\"><a href=\"https:\/\/geoservice-schaffert.de\/en\/job\/praktika\/\" target=\"_self\" class=\"apply-btn local\" aria-label=\"View job: Internships\">View<\/a><\/div><\/article><\/div><\/section><\/div>\n\t\t\t\t\t\t<\/div>\n\t\t\t\t<\/div>\n\t\t\t\t<\/div>\n\t\t<div class=\"elementor-element elementor-element-68de0f9 e-con-full e-flex e-con e-child\" data-id=\"68de0f9\" data-element_type=\"container\" data-e-type=\"container\">\n\t\t\t\t<div class=\"elementor-element elementor-element-b2d1bf1 elementor-widget elementor-widget-image\" data-id=\"b2d1bf1\" data-element_type=\"widget\" data-e-type=\"widget\" data-widget_type=\"image.default\">\n\t\t\t\t<div class=\"elementor-widget-container\">\n\t\t\t\t\t\t\t\t\t\t\t\t\t\t\t\t<a href=\"https:\/\/geoservice-schaffert.de\/wp-content\/uploads\/2017\/10\/job-2714178_1280.jpg\" data-elementor-open-lightbox=\"yes\" data-elementor-lightbox-title=\"Jobs\" data-elementor-lightbox-description=\"Beschreibung: 3D-Figur mit Krawatte tr\u00e4gt das Wort &#039;Job&#039; auf dem R\u00fccken, symbolisiert Arbeitsstress und \u00dcberforderung im Beruf.\" data-e-action-hash=\"#elementor-action%3Aaction%3Dlightbox%26settings%3DeyJpZCI6MzAzNiwidXJsIjoiaHR0cHM6XC9cL2dlb3NlcnZpY2Utc2NoYWZmZXJ0LmRlXC93cC1jb250ZW50XC91cGxvYWRzXC8yMDE3XC8xMFwvam9iLTI3MTQxNzhfMTI4MC53ZWJwIn0%3D\">\n\t\t\t\t\t\t\t<img loading=\"lazy\" decoding=\"async\" width=\"768\" height=\"768\" src=\"https:\/\/geoservice-schaffert.de\/wp-content\/uploads\/2017\/10\/job-2714178_1280-768x768.jpg\" class=\"attachment-medium_large size-medium_large wp-image-3036\" alt=\"Jobs\" srcset=\"https:\/\/geoservice-schaffert.de\/wp-content\/uploads\/2017\/10\/job-2714178_1280-768x768.jpg 768w, https:\/\/geoservice-schaffert.de\/wp-content\/uploads\/2017\/10\/job-2714178_1280-150x150.jpg 150w, https:\/\/geoservice-schaffert.de\/wp-content\/uploads\/2017\/10\/job-2714178_1280-300x300.jpg 300w, https:\/\/geoservice-schaffert.de\/wp-content\/uploads\/2017\/10\/job-2714178_1280-1024x1024.jpg 1024w, https:\/\/geoservice-schaffert.de\/wp-content\/uploads\/2017\/10\/job-2714178_1280.jpg 1280w\" sizes=\"auto, (max-width: 768px) 100vw, 768px\" title=\"\">\t\t\t\t\t\t\t\t<\/a>\n\t\t\t\t\t\t\t\t\t\t\t\t\t\t\t<\/div>\n\t\t\t\t<\/div>\n\t\t\t\t<\/div>\n\t\t\t\t\t<\/div>\n\t\t\t\t<\/div>\n\t\t<div class=\"elementor-element elementor-element-52278b1 e-flex e-con-boxed e-con e-parent\" data-id=\"52278b1\" data-element_type=\"container\" data-e-type=\"container\" data-settings=\"{&quot;background_background&quot;:&quot;classic&quot;}\">\n\t\t\t\t\t<div class=\"e-con-inner\">\n\t\t<div class=\"elementor-element elementor-element-397493b e-con-full e-flex e-con e-child\" data-id=\"397493b\" data-element_type=\"container\" data-e-type=\"container\">\n\t\t\t\t<div class=\"elementor-element elementor-element-f4d07f3 elementor-widget elementor-widget-text-editor\" data-id=\"f4d07f3\" data-element_type=\"widget\" data-e-type=\"widget\" data-widget_type=\"text-editor.default\">\n\t\t\t\t<div class=\"elementor-widget-container\">\n\t\t\t\t\t\t\t\t\t<p>If you have any questions, please use our <a href=\"https:\/\/geoservice-schaffert.de\/en\/request-contact\/\">contact form<\/a>, send us an e-mail or give us a call.<\/p><p>Phone: <a href=\"tel:+4942316673923\">+49 (0)4231 6673-923<\/a><br>E-mail: <a href=\"mailto:info@geoservice-schaffert.de\">info[at]geoservice-schaffert.de<\/a><\/p>\t\t\t\t\t\t\t\t<\/div>\n\t\t\t\t<\/div>\n\t\t\t\t<\/div>\n\t\t<div class=\"elementor-element elementor-element-94ae98b e-con-full e-flex e-con e-child\" data-id=\"94ae98b\" data-element_type=\"container\" data-e-type=\"container\">\n\t\t\t\t<div class=\"elementor-element elementor-element-bfd461b elementor-widget elementor-widget-image\" data-id=\"bfd461b\" data-element_type=\"widget\" data-e-type=\"widget\" data-widget_type=\"image.default\">\n\t\t\t\t<div class=\"elementor-widget-container\">\n\t\t\t\t\t\t\t\t\t\t\t\t\t\t\t<img loading=\"lazy\" decoding=\"async\" width=\"150\" height=\"150\" src=\"https:\/\/geoservice-schaffert.de\/wp-content\/uploads\/2017\/03\/Kugel-trans-150x150.png\" class=\"attachment-thumbnail size-thumbnail wp-image-3034\" alt=\"World\" srcset=\"https:\/\/geoservice-schaffert.de\/wp-content\/uploads\/2017\/03\/Kugel-trans-150x150.png 150w, https:\/\/geoservice-schaffert.de\/wp-content\/uploads\/2017\/03\/Kugel-trans-300x300.png 300w, https:\/\/geoservice-schaffert.de\/wp-content\/uploads\/2017\/03\/Kugel-trans-768x768.png 768w, https:\/\/geoservice-schaffert.de\/wp-content\/uploads\/2017\/03\/Kugel-trans-1024x1024.png 1024w, https:\/\/geoservice-schaffert.de\/wp-content\/uploads\/2017\/03\/Kugel-trans.png 1560w\" sizes=\"auto, (max-width: 150px) 100vw, 150px\" title=\"\">\t\t\t\t\t\t\t\t\t\t\t\t\t\t\t<\/div>\n\t\t\t\t<\/div>\n\t\t\t\t<\/div>\n\t\t\t\t\t<\/div>\n\t\t\t\t<\/div>\n\t\t\t\t<\/div>\n\t\t","protected":false},"excerpt":{"rendered":"<p>Jobs We are looking to expand our team! GeoService Schaffert has been established in the market for 20 years and is continuously growing. Since 2024, we have been operating with our own division for drone surveys. Due to a consistently high order volume, we would like to expand our team in various positions. With us, [&hellip;]<\/p>\n","protected":false},"author":2,"featured_media":0,"parent":0,"menu_order":0,"comment_status":"closed","ping_status":"closed","template":"","meta":{"site-sidebar-layout":"default","site-content-layout":"default","ast-site-content-layout":"default","site-content-style":"default","site-sidebar-style":"default","ast-global-header-display":"","ast-banner-title-visibility":"","ast-main-header-display":"","ast-hfb-above-header-display":"","ast-hfb-below-header-display":"","ast-hfb-mobile-header-display":"","site-post-title":"disabled","ast-breadcrumbs-content":"disabled","ast-featured-img":"disabled","footer-sml-layout":"","ast-disable-related-posts":"","theme-transparent-header-meta":"default","adv-header-id-meta":"","stick-header-meta":"","header-above-stick-meta":"","header-main-stick-meta":"","header-below-stick-meta":"","astra-migrate-meta-layouts":"default","ast-page-background-enabled":"default","ast-page-background-meta":{"desktop":{"background-color":"","background-image":"","background-repeat":"repeat","background-position":"center center","background-size":"auto","background-attachment":"scroll","background-type":"","background-media":"","overlay-type":"","overlay-color":"","overlay-opacity":"","overlay-gradient":""},"tablet":{"background-color":"","background-image":"","background-repeat":"repeat","background-position":"center center","background-size":"auto","background-attachment":"scroll","background-type":"","background-media":"","overlay-type":"","overlay-color":"","overlay-opacity":"","overlay-gradient":""},"mobile":{"background-color":"","background-image":"","background-repeat":"repeat","background-position":"center center","background-size":"auto","background-attachment":"scroll","background-type":"","background-media":"","overlay-type":"","overlay-color":"","overlay-opacity":"","overlay-gradient":""}},"ast-content-background-meta":{"desktop":{"background-color":"var(--ast-global-color-5)","background-image":"","background-repeat":"repeat","background-position":"center center","background-size":"auto","background-attachment":"scroll","background-type":"","background-media":"","overlay-type":"","overlay-color":"","overlay-opacity":"","overlay-gradient":""},"tablet":{"background-color":"var(--ast-global-color-5)","background-image":"","background-repeat":"repeat","background-position":"center center","background-size":"auto","background-attachment":"scroll","background-type":"","background-media":"","overlay-type":"","overlay-color":"","overlay-opacity":"","overlay-gradient":""},"mobile":{"background-color":"var(--ast-global-color-5)","background-image":"","background-repeat":"repeat","background-position":"center center","background-size":"auto","background-attachment":"scroll","background-type":"","background-media":"","overlay-type":"","overlay-color":"","overlay-opacity":"","overlay-gradient":""}},"footnotes":""},"class_list":["post-3149","page","type-page","status-publish","hentry"],"_links":{"self":[{"href":"https:\/\/geoservice-schaffert.de\/en\/wp-json\/wp\/v2\/pages\/3149","targetHints":{"allow":["GET"]}}],"collection":[{"href":"https:\/\/geoservice-schaffert.de\/en\/wp-json\/wp\/v2\/pages"}],"about":[{"href":"https:\/\/geoservice-schaffert.de\/en\/wp-json\/wp\/v2\/types\/page"}],"author":[{"embeddable":true,"href":"https:\/\/geoservice-schaffert.de\/en\/wp-json\/wp\/v2\/users\/2"}],"replies":[{"embeddable":true,"href":"https:\/\/geoservice-schaffert.de\/en\/wp-json\/wp\/v2\/comments?post=3149"}],"version-history":[{"count":0,"href":"https:\/\/geoservice-schaffert.de\/en\/wp-json\/wp\/v2\/pages\/3149\/revisions"}],"wp:attachment":[{"href":"https:\/\/geoservice-schaffert.de\/en\/wp-json\/wp\/v2\/media?parent=3149"}],"curies":[{"name":"wp","href":"https:\/\/api.w.org\/{rel}","templated":true}]}}