{"id":3150,"date":"2017-03-26T13:41:09","date_gmt":"2017-03-26T11:41:09","guid":{"rendered":"https:\/\/geoservice-schaffert.de\/expert-opinion\/"},"modified":"2026-03-19T14:53:15","modified_gmt":"2026-03-19T13:53:15","slug":"expert-opinion","status":"publish","type":"page","link":"https:\/\/geoservice-schaffert.de\/en\/expert-opinion\/","title":{"rendered":"Expert reports"},"content":{"rendered":"\t\t<div data-elementor-type=\"wp-page\" data-elementor-id=\"3150\" class=\"elementor elementor-3150 elementor-44\" data-elementor-post-type=\"page\">\n\t\t\t\t<div class=\"elementor-element elementor-element-4a041f5 e-flex e-con-boxed e-con e-parent\" data-id=\"4a041f5\" data-element_type=\"container\" data-e-type=\"container\">\n\t\t\t\t\t<div class=\"e-con-inner\">\n\t\t<div class=\"elementor-element elementor-element-7b160c3 e-con-full e-flex e-con e-child\" data-id=\"7b160c3\" data-element_type=\"container\" data-e-type=\"container\">\n\t\t\t\t<div class=\"elementor-element elementor-element-28d5be3 elementor-widget elementor-widget-heading\" data-id=\"28d5be3\" data-element_type=\"widget\" data-e-type=\"widget\" data-widget_type=\"heading.default\">\n\t\t\t\t<div class=\"elementor-widget-container\">\n\t\t\t\t\t<h1 class=\"elementor-heading-title elementor-size-default\">Expert reports and written statements<\/h1>\t\t\t\t<\/div>\n\t\t\t\t<\/div>\n\t\t\t\t<div class=\"elementor-element elementor-element-81a841a elementor-widget elementor-widget-text-editor\" data-id=\"81a841a\" data-element_type=\"widget\" data-e-type=\"widget\" data-widget_type=\"text-editor.default\">\n\t\t\t\t<div class=\"elementor-widget-container\">\n\t\t\t\t\t\t\t\t\t<p>The qualified field and laboratory work is our basis for expert opinions.<\/p><p><strong>Subsoil<\/strong><br>We prepare structural engineering reports for you. In addition to geological background information, this includes foundation proposals with the parameters required for the structural analysis (e.g. bedding modulus\/bedding ratio) and pre-construction measures such as soil pressure, settlement calculations, soil parameters, dewatering, etc. <\/p><p><strong>Infiltration reports<\/strong><br>We provide you with calculations and proposals for the drainage of your rainwater. In most cases, this is based on a determination of the permeability coefficient (kf value), which we determine for you. This also includes, if desired, submitting applications to the authorities for the drainage of rainwater.  <\/p><p>Furthermore, we regularly prepare statements on the infiltration capacity of soils, e.g. for fully biological small sewage treatment plants.<\/p><p><strong>Contaminated sites<\/strong><br>In this area, you can expect opinions from us on potential soil and groundwater contamination. Via soil, soil gas and groundwater investigations, we provide you with an expert opinion on the extent of possible contamination. We also classify the disposal according to the relevant categories and provide optional remediation proposals.  <\/p><p><strong>Road construction<\/strong><br>In this sector, in addition to core drillings for sampling, for example from the roadway area, we offer an investigation (e.g. PAH, phenol index or asbestos) including an expert opinion. <\/p>\t\t\t\t\t\t\t\t<\/div>\n\t\t\t\t<\/div>\n\t\t\t\t<\/div>\n\t\t<div class=\"elementor-element elementor-element-caf2cec e-con-full e-flex e-con e-child\" data-id=\"caf2cec\" data-element_type=\"container\" data-e-type=\"container\">\n\t\t\t\t<div class=\"elementor-element elementor-element-983f73a elementor-widget elementor-widget-image\" data-id=\"983f73a\" data-element_type=\"widget\" data-e-type=\"widget\" data-widget_type=\"image.default\">\n\t\t\t\t<div class=\"elementor-widget-container\">\n\t\t\t\t\t\t\t\t\t\t\t\t\t\t\t\t<a href=\"https:\/\/geoservice-schaffert.de\/wp-content\/uploads\/2017\/06\/blob.jpg\" data-elementor-open-lightbox=\"yes\" data-elementor-lightbox-title=\"Expert reports\" data-e-action-hash=\"#elementor-action%3Aaction%3Dlightbox%26settings%3DeyJpZCI6MzAxMiwidXJsIjoiaHR0cHM6XC9cL2dlb3NlcnZpY2Utc2NoYWZmZXJ0LmRlXC93cC1jb250ZW50XC91cGxvYWRzXC8yMDE3XC8wNlwvYmxvYi53ZWJwIn0%3D\">\n\t\t\t\t\t\t\t<img loading=\"lazy\" decoding=\"async\" width=\"768\" height=\"512\" src=\"https:\/\/geoservice-schaffert.de\/wp-content\/uploads\/2017\/06\/blob-768x512.jpg\" class=\"attachment-medium_large size-medium_large wp-image-3012\" alt=\"Statements\" srcset=\"https:\/\/geoservice-schaffert.de\/wp-content\/uploads\/2017\/06\/blob-768x512.jpg 768w, https:\/\/geoservice-schaffert.de\/wp-content\/uploads\/2017\/06\/blob-300x200.jpg 300w, https:\/\/geoservice-schaffert.de\/wp-content\/uploads\/2017\/06\/blob-750x500.jpg 750w, https:\/\/geoservice-schaffert.de\/wp-content\/uploads\/2017\/06\/blob-272x182.jpg 272w, https:\/\/geoservice-schaffert.de\/wp-content\/uploads\/2017\/06\/blob.jpg 800w\" sizes=\"auto, (max-width: 768px) 100vw, 768px\" title=\"\">\t\t\t\t\t\t\t\t<\/a>\n\t\t\t\t\t\t\t\t\t\t\t\t\t\t\t<\/div>\n\t\t\t\t<\/div>\n\t\t\t\t<div class=\"elementor-element elementor-element-10368e8 elementor-widget elementor-widget-image\" data-id=\"10368e8\" data-element_type=\"widget\" data-e-type=\"widget\" data-widget_type=\"image.default\">\n\t\t\t\t<div class=\"elementor-widget-container\">\n\t\t\t\t\t\t\t\t\t\t\t\t\t\t\t\t<a href=\"https:\/\/geoservice-schaffert.de\/wp-content\/uploads\/2019\/07\/Matze.jpg\" data-elementor-open-lightbox=\"yes\" data-elementor-lightbox-title=\"Matze\" data-elementor-lightbox-description=\"Bildbeschreibung: Ein Bauarbeiter nutzt eine R\u00fcttelplatte zur Bodenverdichtung auf einer Baustelle, um stabile Fundamente f\u00fcr das Geb\u00e4ude zu schaffen.\" data-e-action-hash=\"#elementor-action%3Aaction%3Dlightbox%26settings%3DeyJpZCI6MzA1MywidXJsIjoiaHR0cHM6XC9cL2dlb3NlcnZpY2Utc2NoYWZmZXJ0LmRlXC93cC1jb250ZW50XC91cGxvYWRzXC8yMDE5XC8wN1wvTWF0emUud2VicCJ9\">\n\t\t\t\t\t\t\t<img loading=\"lazy\" decoding=\"async\" width=\"768\" height=\"576\" src=\"https:\/\/geoservice-schaffert.de\/wp-content\/uploads\/2019\/07\/Matze-768x576.jpg\" class=\"attachment-medium_large size-medium_large wp-image-3053\" alt=\"Matze\" srcset=\"https:\/\/geoservice-schaffert.de\/wp-content\/uploads\/2019\/07\/Matze-768x576.jpg 768w, https:\/\/geoservice-schaffert.de\/wp-content\/uploads\/2019\/07\/Matze-300x225.jpg 300w, https:\/\/geoservice-schaffert.de\/wp-content\/uploads\/2019\/07\/Matze.jpg 800w\" sizes=\"auto, (max-width: 768px) 100vw, 768px\" title=\"\">\t\t\t\t\t\t\t\t<\/a>\n\t\t\t\t\t\t\t\t\t\t\t\t\t\t\t<\/div>\n\t\t\t\t<\/div>\n\t\t\t\t<\/div>\n\t\t\t\t\t<\/div>\n\t\t\t\t<\/div>\n\t\t<div class=\"elementor-element elementor-element-7330e3f e-flex e-con-boxed e-con e-parent\" data-id=\"7330e3f\" data-element_type=\"container\" data-e-type=\"container\" data-settings=\"{&quot;background_background&quot;:&quot;classic&quot;}\">\n\t\t\t\t\t<div class=\"e-con-inner\">\n\t\t<div class=\"elementor-element elementor-element-9e37bbf e-con-full e-flex e-con e-child\" data-id=\"9e37bbf\" data-element_type=\"container\" data-e-type=\"container\">\n\t\t\t\t<div class=\"elementor-element elementor-element-e6114e1 elementor-widget elementor-widget-text-editor\" data-id=\"e6114e1\" data-element_type=\"widget\" data-e-type=\"widget\" data-widget_type=\"text-editor.default\">\n\t\t\t\t<div class=\"elementor-widget-container\">\n\t\t\t\t\t\t\t\t\t<p>If you have any questions, please use our <a href=\"https:\/\/geoservice-schaffert.de\/en\/request-contact\/\">contact form<\/a>, send us an e-mail or give us a call.<\/p><p>Phone: <a href=\"tel:+4942316673923\">+49 (0)4231 6673-923<\/a><br>E-mail: <a href=\"mailto:info@geoservice-schaffert.de\">info[at]geoservice-schaffert.de<\/a><\/p>\t\t\t\t\t\t\t\t<\/div>\n\t\t\t\t<\/div>\n\t\t\t\t<\/div>\n\t\t<div class=\"elementor-element elementor-element-7bf5160 e-con-full e-flex e-con e-child\" data-id=\"7bf5160\" data-element_type=\"container\" data-e-type=\"container\">\n\t\t\t\t<div class=\"elementor-element elementor-element-931ff41 elementor-widget elementor-widget-image\" data-id=\"931ff41\" data-element_type=\"widget\" data-e-type=\"widget\" data-widget_type=\"image.default\">\n\t\t\t\t<div class=\"elementor-widget-container\">\n\t\t\t\t\t\t\t\t\t\t\t\t\t\t\t<img loading=\"lazy\" decoding=\"async\" width=\"150\" height=\"150\" src=\"https:\/\/geoservice-schaffert.de\/wp-content\/uploads\/2017\/03\/Kugel-trans-150x150.png\" class=\"attachment-thumbnail size-thumbnail wp-image-3034\" alt=\"World\" srcset=\"https:\/\/geoservice-schaffert.de\/wp-content\/uploads\/2017\/03\/Kugel-trans-150x150.png 150w, https:\/\/geoservice-schaffert.de\/wp-content\/uploads\/2017\/03\/Kugel-trans-300x300.png 300w, https:\/\/geoservice-schaffert.de\/wp-content\/uploads\/2017\/03\/Kugel-trans-768x768.png 768w, https:\/\/geoservice-schaffert.de\/wp-content\/uploads\/2017\/03\/Kugel-trans-1024x1024.png 1024w, https:\/\/geoservice-schaffert.de\/wp-content\/uploads\/2017\/03\/Kugel-trans.png 1560w\" sizes=\"auto, (max-width: 150px) 100vw, 150px\" title=\"\">\t\t\t\t\t\t\t\t\t\t\t\t\t\t\t<\/div>\n\t\t\t\t<\/div>\n\t\t\t\t<\/div>\n\t\t\t\t\t<\/div>\n\t\t\t\t<\/div>\n\t\t\t\t<\/div>\n\t\t","protected":false},"excerpt":{"rendered":"<p>Expert reports and written statements The qualified field and laboratory work is our basis for expert opinions. SubsoilWe prepare structural engineering reports for you. In addition to geological background information, this includes foundation proposals with the parameters required for the structural analysis (e.g. bedding modulus\/bedding ratio) and pre-construction measures such as soil pressure, settlement calculations, [&hellip;]<\/p>\n","protected":false},"author":2,"featured_media":0,"parent":0,"menu_order":0,"comment_status":"closed","ping_status":"closed","template":"","meta":{"site-sidebar-layout":"default","site-content-layout":"default","ast-site-content-layout":"default","site-content-style":"default","site-sidebar-style":"default","ast-global-header-display":"","ast-banner-title-visibility":"","ast-main-header-display":"","ast-hfb-above-header-display":"","ast-hfb-below-header-display":"","ast-hfb-mobile-header-display":"","site-post-title":"disabled","ast-breadcrumbs-content":"disabled","ast-featured-img":"disabled","footer-sml-layout":"","ast-disable-related-posts":"","theme-transparent-header-meta":"default","adv-header-id-meta":"","stick-header-meta":"","header-above-stick-meta":"","header-main-stick-meta":"","header-below-stick-meta":"","astra-migrate-meta-layouts":"default","ast-page-background-enabled":"default","ast-page-background-meta":{"desktop":{"background-color":"","background-image":"","background-repeat":"repeat","background-position":"center center","background-size":"auto","background-attachment":"scroll","background-type":"","background-media":"","overlay-type":"","overlay-color":"","overlay-opacity":"","overlay-gradient":""},"tablet":{"background-color":"","background-image":"","background-repeat":"repeat","background-position":"center center","background-size":"auto","background-attachment":"scroll","background-type":"","background-media":"","overlay-type":"","overlay-color":"","overlay-opacity":"","overlay-gradient":""},"mobile":{"background-color":"","background-image":"","background-repeat":"repeat","background-position":"center center","background-size":"auto","background-attachment":"scroll","background-type":"","background-media":"","overlay-type":"","overlay-color":"","overlay-opacity":"","overlay-gradient":""}},"ast-content-background-meta":{"desktop":{"background-color":"var(--ast-global-color-5)","background-image":"","background-repeat":"repeat","background-position":"center center","background-size":"auto","background-attachment":"scroll","background-type":"","background-media":"","overlay-type":"","overlay-color":"","overlay-opacity":"","overlay-gradient":""},"tablet":{"background-color":"var(--ast-global-color-5)","background-image":"","background-repeat":"repeat","background-position":"center center","background-size":"auto","background-attachment":"scroll","background-type":"","background-media":"","overlay-type":"","overlay-color":"","overlay-opacity":"","overlay-gradient":""},"mobile":{"background-color":"var(--ast-global-color-5)","background-image":"","background-repeat":"repeat","background-position":"center center","background-size":"auto","background-attachment":"scroll","background-type":"","background-media":"","overlay-type":"","overlay-color":"","overlay-opacity":"","overlay-gradient":""}},"footnotes":""},"class_list":["post-3150","page","type-page","status-publish","hentry"],"_links":{"self":[{"href":"https:\/\/geoservice-schaffert.de\/en\/wp-json\/wp\/v2\/pages\/3150","targetHints":{"allow":["GET"]}}],"collection":[{"href":"https:\/\/geoservice-schaffert.de\/en\/wp-json\/wp\/v2\/pages"}],"about":[{"href":"https:\/\/geoservice-schaffert.de\/en\/wp-json\/wp\/v2\/types\/page"}],"author":[{"embeddable":true,"href":"https:\/\/geoservice-schaffert.de\/en\/wp-json\/wp\/v2\/users\/2"}],"replies":[{"embeddable":true,"href":"https:\/\/geoservice-schaffert.de\/en\/wp-json\/wp\/v2\/comments?post=3150"}],"version-history":[{"count":0,"href":"https:\/\/geoservice-schaffert.de\/en\/wp-json\/wp\/v2\/pages\/3150\/revisions"}],"wp:attachment":[{"href":"https:\/\/geoservice-schaffert.de\/en\/wp-json\/wp\/v2\/media?parent=3150"}],"curies":[{"name":"wp","href":"https:\/\/api.w.org\/{rel}","templated":true}]}}