{"id":3435,"date":"2017-03-26T13:40:21","date_gmt":"2017-03-26T11:40:21","guid":{"rendered":"https:\/\/geoservice-schaffert.de\/building-ground\/"},"modified":"2025-06-17T11:23:43","modified_gmt":"2025-06-17T09:23:43","slug":"building-ground","status":"publish","type":"page","link":"https:\/\/geoservice-schaffert.de\/en\/building-ground\/","title":{"rendered":"Building ground"},"content":{"rendered":"\t\t<div data-elementor-type=\"wp-page\" data-elementor-id=\"3435\" class=\"elementor elementor-3435 elementor-38\" data-elementor-post-type=\"page\">\n\t\t\t\t<div class=\"elementor-element elementor-element-655b633 e-flex e-con-boxed e-con e-parent\" data-id=\"655b633\" data-element_type=\"container\" data-e-type=\"container\">\n\t\t\t\t\t<div class=\"e-con-inner\">\n\t\t<div class=\"elementor-element elementor-element-1d6ed96 e-con-full e-flex e-con e-child\" data-id=\"1d6ed96\" data-element_type=\"container\" data-e-type=\"container\">\n\t\t\t\t<div class=\"elementor-element elementor-element-93182bd elementor-widget elementor-widget-heading\" data-id=\"93182bd\" data-element_type=\"widget\" data-e-type=\"widget\" data-widget_type=\"heading.default\">\n\t\t\t\t<div class=\"elementor-widget-container\">\n\t\t\t\t\t<h1 class=\"elementor-heading-title elementor-size-default\">Geotechnics - investigations of building ground and underground<\/h1>\t\t\t\t<\/div>\n\t\t\t\t<\/div>\n\t\t\t\t<div class=\"elementor-element elementor-element-9039043 elementor-widget elementor-widget-text-editor\" data-id=\"9039043\" data-element_type=\"widget\" data-e-type=\"widget\" data-widget_type=\"text-editor.default\">\n\t\t\t\t<div class=\"elementor-widget-container\">\n\t\t\t\t\t\t\t\t\t<p>Would you like to know how robust your building ground is? Your building has subsided and you would like to know why? We will find it out! We offer specific and individual investigations for each project. With your support, we will define your specific requirements.    <\/p><p>In order to determine the properties of the soil, we offer you the following field work:<\/p><p>\u2013 Dynamic penetration tests in accordance with DIN EN ISO 22475-1<br>\u2013 Dynamic penetration tests in accordance with DIN EN ISO 22476-2 (DPL, DPM, DPH)<br>\u2013 Compaction checks using dynamic and static plate load tests<br>\u2013 Disturbed and undisturbed soil samples<br>\u2013 soli profiles in accordance with DIN 4022\/DIN 4023 or DIN EN ISO 14688-1\/DIN EN ISO 14689-1<br>\u2013 infiltration tests in boreholes or open-end tests (OET)<br>\u2013 Core drillings for sealed surfaces (asphalt\/concrete)<br><span style=\"font-style: inherit; font-weight: inherit;\"><br>This field work is followed by laboratory testing. In our engineering laboratory, we carry out standard test methods for determining soil physical properties (soil mechanical laboratory tests): <\/span><\/p><p>\u2013 Sieve analysis<br>\u2013 combined sieve and sedimentation test<br>\u2013 determination of loss on ignition<br>\u2013 determination of consistency in cohesive soils<br>\u2013 determination of water content<\/p><p>The data collection from the field and laboratory is followed by the preparation of short statements (preliminary exploration) or comprehensive structural engineering statements.<\/p><p>We are also able to carry out an indicative chemical analysis from the soil samples obtained \u2013 in accordance with the Mantelverordnung 2021 (in particular the Substitute Building Materials Ordinance under the Federal Soil Protection Act or the Landfill Ordinance). This does not replace a declaration for recycling\/disposal.  <\/p><p><span style=\"font-style: inherit; font-weight: inherit;\">In the event of anomalies, this would be necessary via a pile sampling in accordance with PN98 and subsequent analysis. We are happy to advise you on this matter.<\/span><\/p>\t\t\t\t\t\t\t\t<\/div>\n\t\t\t\t<\/div>\n\t\t\t\t<\/div>\n\t\t<div class=\"elementor-element elementor-element-a756454 e-con-full e-flex e-con e-child\" data-id=\"a756454\" data-element_type=\"container\" data-e-type=\"container\">\n\t\t\t\t<div class=\"elementor-element elementor-element-16ecb24 elementor-widget elementor-widget-image\" data-id=\"16ecb24\" data-element_type=\"widget\" data-e-type=\"widget\" data-widget_type=\"image.default\">\n\t\t\t\t<div class=\"elementor-widget-container\">\n\t\t\t\t\t\t\t\t\t\t\t\t\t\t\t\t<a href=\"https:\/\/geoservice-schaffert.de\/wp-content\/uploads\/2025\/01\/Schaffert-Baugrund-scaled.jpg\" data-elementor-open-lightbox=\"yes\" data-elementor-lightbox-title=\"GeoSensor Messger\u00e4t.\" data-elementor-lightbox-description=\"Das Bild zeigt ein robustes Messger\u00e4t auf einer gr\u00fcnen Wiese mit Himmel, geeignet f\u00fcr geotechnische Bodenuntersuchungen und Umweltanalysen.\" data-e-action-hash=\"#elementor-action%3Aaction%3Dlightbox%26settings%3DeyJpZCI6MzA3NiwidXJsIjoiaHR0cHM6XC9cL2dlb3NlcnZpY2Utc2NoYWZmZXJ0LmRlXC93cC1jb250ZW50XC91cGxvYWRzXC8yMDI1XC8wMVwvU2NoYWZmZXJ0LUJhdWdydW5kLXNjYWxlZC5qcGcifQ%3D%3D\">\n\t\t\t\t\t\t\t<img loading=\"lazy\" decoding=\"async\" width=\"576\" height=\"1024\" src=\"https:\/\/geoservice-schaffert.de\/wp-content\/uploads\/2025\/01\/Schaffert-Baugrund-576x1024.jpg\" class=\"attachment-large size-large wp-image-3076\" alt=\"Messger\u00e4t f\u00fcr geotechnische und geologische Analysen im Feld, robustes Geotechnik-Instrument.\" srcset=\"https:\/\/geoservice-schaffert.de\/wp-content\/uploads\/2025\/01\/Schaffert-Baugrund-576x1024.jpg 576w, https:\/\/geoservice-schaffert.de\/wp-content\/uploads\/2025\/01\/Schaffert-Baugrund-169x300.jpg 169w, https:\/\/geoservice-schaffert.de\/wp-content\/uploads\/2025\/01\/Schaffert-Baugrund-768x1365.jpg 768w, https:\/\/geoservice-schaffert.de\/wp-content\/uploads\/2025\/01\/Schaffert-Baugrund-864x1536.jpg 864w, https:\/\/geoservice-schaffert.de\/wp-content\/uploads\/2025\/01\/Schaffert-Baugrund-1152x2048.jpg 1152w, https:\/\/geoservice-schaffert.de\/wp-content\/uploads\/2025\/01\/Schaffert-Baugrund-scaled.jpg 1440w\" sizes=\"auto, (max-width: 576px) 100vw, 576px\" title=\"\">\t\t\t\t\t\t\t\t<\/a>\n\t\t\t\t\t\t\t\t\t\t\t\t\t\t\t<\/div>\n\t\t\t\t<\/div>\n\t\t\t\t<div class=\"elementor-element elementor-element-c36ecee elementor-widget elementor-widget-image\" data-id=\"c36ecee\" data-element_type=\"widget\" data-e-type=\"widget\" data-widget_type=\"image.default\">\n\t\t\t\t<div class=\"elementor-widget-container\">\n\t\t\t\t\t\t\t\t\t\t\t\t\t\t\t\t<a href=\"https:\/\/geoservice-schaffert.de\/wp-content\/uploads\/2025\/01\/IMG_20240319_083611245-scaled.jpg\" data-elementor-open-lightbox=\"yes\" data-elementor-lightbox-title=\"Geotechnik Bohrung, Bodengutachten f\u00fcr Bau, Erd\u00fcbersicht, Geologisches Profil, Baugrundanalyse.\" data-elementor-lightbox-description=\"Detaillierte Bodengutachten, geotechnische Erkundung, Baugrundanalyse, Geotechnische Bohrung, Experten f\u00fcr Baugrunduntersuchung.\" data-e-action-hash=\"#elementor-action%3Aaction%3Dlightbox%26settings%3DeyJpZCI6MzA3NCwidXJsIjoiaHR0cHM6XC9cL2dlb3NlcnZpY2Utc2NoYWZmZXJ0LmRlXC93cC1jb250ZW50XC91cGxvYWRzXC8yMDI1XC8wMVwvSU1HXzIwMjQwMzE5XzA4MzYxMTI0NS1zY2FsZWQuanBnIn0%3D\">\n\t\t\t\t\t\t\t<img loading=\"lazy\" decoding=\"async\" width=\"768\" height=\"768\" src=\"https:\/\/geoservice-schaffert.de\/wp-content\/uploads\/2025\/01\/IMG_20240319_083611245-768x768.jpg\" class=\"attachment-medium_large size-medium_large wp-image-3074\" alt=\"Genaue Bohrung f\u00fcr Baugrundgutachten, Geologisches Profil, Erdarbeiten und Bodengutachten vom Experten.\" srcset=\"https:\/\/geoservice-schaffert.de\/wp-content\/uploads\/2025\/01\/IMG_20240319_083611245-768x768.jpg 768w, https:\/\/geoservice-schaffert.de\/wp-content\/uploads\/2025\/01\/IMG_20240319_083611245-300x300.jpg 300w, https:\/\/geoservice-schaffert.de\/wp-content\/uploads\/2025\/01\/IMG_20240319_083611245-1024x1024.jpg 1024w, https:\/\/geoservice-schaffert.de\/wp-content\/uploads\/2025\/01\/IMG_20240319_083611245-150x150.jpg 150w, https:\/\/geoservice-schaffert.de\/wp-content\/uploads\/2025\/01\/IMG_20240319_083611245-1536x1536.jpg 1536w, https:\/\/geoservice-schaffert.de\/wp-content\/uploads\/2025\/01\/IMG_20240319_083611245-scaled.jpg 1800w, https:\/\/geoservice-schaffert.de\/wp-content\/uploads\/2025\/01\/IMG_20240319_083611245-400x400.jpg 400w, https:\/\/geoservice-schaffert.de\/wp-content\/uploads\/2025\/01\/IMG_20240319_083611245-600x600.jpg 600w\" sizes=\"auto, (max-width: 768px) 100vw, 768px\" title=\"\">\t\t\t\t\t\t\t\t<\/a>\n\t\t\t\t\t\t\t\t\t\t\t\t\t\t\t<\/div>\n\t\t\t\t<\/div>\n\t\t\t\t<\/div>\n\t\t\t\t\t<\/div>\n\t\t\t\t<\/div>\n\t\t<div class=\"elementor-element elementor-element-3047d3c e-flex e-con-boxed e-con e-parent\" data-id=\"3047d3c\" data-element_type=\"container\" data-e-type=\"container\" data-settings=\"{&quot;background_background&quot;:&quot;classic&quot;}\">\n\t\t\t\t\t<div class=\"e-con-inner\">\n\t\t<div class=\"elementor-element elementor-element-11e1d7c e-con-full e-flex e-con e-child\" data-id=\"11e1d7c\" data-element_type=\"container\" data-e-type=\"container\">\n\t\t\t\t<div class=\"elementor-element elementor-element-607dabb elementor-widget elementor-widget-global elementor-global-3212 elementor-global-2840 elementor-widget-text-editor\" data-id=\"607dabb\" data-element_type=\"widget\" data-e-type=\"widget\" data-widget_type=\"text-editor.default\">\n\t\t\t\t<div class=\"elementor-widget-container\">\n\t\t\t\t\t\t\t\t\t<p>If you have any questions, please use our <a href=\"https:\/\/geoservice-schaffert.de\/en\/request-contact\/\">contact form<\/a>, send us an e-mail or give us a call.<\/p><p>Phone: <a href=\"tel:+4942316673923\">+49 (0)4231 6673-923<\/a><br>E-mail: <a href=\"mailto:info@geoservice-schaffert.de\">info[at]geoservice-schaffert.de<\/a><\/p>\t\t\t\t\t\t\t\t<\/div>\n\t\t\t\t<\/div>\n\t\t\t\t<\/div>\n\t\t<div class=\"elementor-element elementor-element-3b2ab28 e-con-full e-flex e-con e-child\" data-id=\"3b2ab28\" data-element_type=\"container\" data-e-type=\"container\">\n\t\t\t\t<div class=\"elementor-element elementor-element-dd53391 elementor-widget elementor-widget-image\" data-id=\"dd53391\" data-element_type=\"widget\" data-e-type=\"widget\" data-widget_type=\"image.default\">\n\t\t\t\t<div class=\"elementor-widget-container\">\n\t\t\t\t\t\t\t\t\t\t\t\t\t\t\t<img loading=\"lazy\" decoding=\"async\" width=\"150\" height=\"150\" src=\"https:\/\/geoservice-schaffert.de\/wp-content\/uploads\/2017\/03\/Kugel-trans-150x150.png\" class=\"attachment-thumbnail size-thumbnail wp-image-3034\" alt=\"World\" srcset=\"https:\/\/geoservice-schaffert.de\/wp-content\/uploads\/2017\/03\/Kugel-trans-150x150.png 150w, https:\/\/geoservice-schaffert.de\/wp-content\/uploads\/2017\/03\/Kugel-trans-300x300.png 300w, https:\/\/geoservice-schaffert.de\/wp-content\/uploads\/2017\/03\/Kugel-trans-768x768.png 768w, https:\/\/geoservice-schaffert.de\/wp-content\/uploads\/2017\/03\/Kugel-trans-1024x1024.png 1024w, https:\/\/geoservice-schaffert.de\/wp-content\/uploads\/2017\/03\/Kugel-trans.png 1560w\" sizes=\"auto, (max-width: 150px) 100vw, 150px\" title=\"\">\t\t\t\t\t\t\t\t\t\t\t\t\t\t\t<\/div>\n\t\t\t\t<\/div>\n\t\t\t\t<\/div>\n\t\t\t\t\t<\/div>\n\t\t\t\t<\/div>\n\t\t\t\t<\/div>\n\t\t","protected":false},"excerpt":{"rendered":"<p>Geotechnics &#8211; investigations of building ground and underground Would you like to know how robust your building ground is? Your building has subsided and you would like to know why? We will find it out! We offer specific and individual investigations for each project. With your support, we will define your specific requirements. In order [&hellip;]<\/p>\n","protected":false},"author":2,"featured_media":0,"parent":0,"menu_order":0,"comment_status":"closed","ping_status":"closed","template":"","meta":{"site-sidebar-layout":"default","site-content-layout":"default","ast-site-content-layout":"default","site-content-style":"default","site-sidebar-style":"default","ast-global-header-display":"","ast-banner-title-visibility":"","ast-main-header-display":"","ast-hfb-above-header-display":"","ast-hfb-below-header-display":"","ast-hfb-mobile-header-display":"","site-post-title":"disabled","ast-breadcrumbs-content":"disabled","ast-featured-img":"disabled","footer-sml-layout":"","ast-disable-related-posts":"","theme-transparent-header-meta":"default","adv-header-id-meta":"","stick-header-meta":"","header-above-stick-meta":"","header-main-stick-meta":"","header-below-stick-meta":"","astra-migrate-meta-layouts":"default","ast-page-background-enabled":"default","ast-page-background-meta":{"desktop":{"background-color":"","background-image":"","background-repeat":"repeat","background-position":"center center","background-size":"auto","background-attachment":"scroll","background-type":"","background-media":"","overlay-type":"","overlay-color":"","overlay-opacity":"","overlay-gradient":""},"tablet":{"background-color":"","background-image":"","background-repeat":"repeat","background-position":"center center","background-size":"auto","background-attachment":"scroll","background-type":"","background-media":"","overlay-type":"","overlay-color":"","overlay-opacity":"","overlay-gradient":""},"mobile":{"background-color":"","background-image":"","background-repeat":"repeat","background-position":"center center","background-size":"auto","background-attachment":"scroll","background-type":"","background-media":"","overlay-type":"","overlay-color":"","overlay-opacity":"","overlay-gradient":""}},"ast-content-background-meta":{"desktop":{"background-color":"var(--ast-global-color-5)","background-image":"","background-repeat":"repeat","background-position":"center center","background-size":"auto","background-attachment":"scroll","background-type":"","background-media":"","overlay-type":"","overlay-color":"","overlay-opacity":"","overlay-gradient":""},"tablet":{"background-color":"var(--ast-global-color-5)","background-image":"","background-repeat":"repeat","background-position":"center center","background-size":"auto","background-attachment":"scroll","background-type":"","background-media":"","overlay-type":"","overlay-color":"","overlay-opacity":"","overlay-gradient":""},"mobile":{"background-color":"var(--ast-global-color-5)","background-image":"","background-repeat":"repeat","background-position":"center center","background-size":"auto","background-attachment":"scroll","background-type":"","background-media":"","overlay-type":"","overlay-color":"","overlay-opacity":"","overlay-gradient":""}},"footnotes":""},"class_list":["post-3435","page","type-page","status-publish","hentry"],"_links":{"self":[{"href":"https:\/\/geoservice-schaffert.de\/en\/wp-json\/wp\/v2\/pages\/3435","targetHints":{"allow":["GET"]}}],"collection":[{"href":"https:\/\/geoservice-schaffert.de\/en\/wp-json\/wp\/v2\/pages"}],"about":[{"href":"https:\/\/geoservice-schaffert.de\/en\/wp-json\/wp\/v2\/types\/page"}],"author":[{"embeddable":true,"href":"https:\/\/geoservice-schaffert.de\/en\/wp-json\/wp\/v2\/users\/2"}],"replies":[{"embeddable":true,"href":"https:\/\/geoservice-schaffert.de\/en\/wp-json\/wp\/v2\/comments?post=3435"}],"version-history":[{"count":0,"href":"https:\/\/geoservice-schaffert.de\/en\/wp-json\/wp\/v2\/pages\/3435\/revisions"}],"wp:attachment":[{"href":"https:\/\/geoservice-schaffert.de\/en\/wp-json\/wp\/v2\/media?parent=3435"}],"curies":[{"name":"wp","href":"https:\/\/api.w.org\/{rel}","templated":true}]}}